{"id":1065,"date":"2020-05-07T10:45:43","date_gmt":"2020-05-07T10:45:43","guid":{"rendered":"http:\/\/www.berlinklusion.de\/?page_id=1065"},"modified":"2025-12-09T14:58:19","modified_gmt":"2025-12-09T14:58:19","slug":"about-us","status":"publish","type":"page","link":"https:\/\/www.berlinklusion.de\/de\/about-us\/","title":{"rendered":"\u00dcber Uns"},"content":{"rendered":"\n<p class=\"has-black-color has-text-color has-link-color wp-elements-615bca2312089588d919821d1583da72\">Berlinklusion ist ein Kollektiv von K\u00fcnstler*innen und Kunsvermittler*innen mit und ohne Behinderung, das Kunstprojekte kuratiert und Kunstorganisationen in Fragen der Barrierefreiheit ber\u00e4t. Geleitet von Kate Brehme, Dirk Sorge, Jovana Komnenic und Kirstin Broussard, versuchen wir Berlins Kulturlandschaft positiv zu ver\u00e4ndern, indem wir Inklusion vorantreiben und die Zug\u00e4nglichkeit f\u00fcr K\u00fcnstler*innen, Kulturarbeiter*innen, Teilnehmer*innen und Publikum mit und ohne Behinderungen* verbessern.<\/p>\n\n\n\n<p class=\"has-black-color has-text-color has-link-color wp-elements-6d59a3861d3bba2cecfb34f10e6d4a8a\">Wir haben alle mehr als 20 Jahre Erfahrung in der Arbeit mit K\u00fcnstler*innen oder Kulturteilnehmenden mit Behinderung in Deutschland und im Ausland. Seit unsere gegr\u00fcndung in 2017 hat Berlinklusion Organisationen wie die KW Institute for Contemporary Art, Gropius Bau, Berliner Festspiele, das Haus der Kulturen der Welt, das Bauhaus-Archiv und die Documenta beraten und eigene Projekte wie UNBOUND, Deutschlands erstes zug\u00e4ngliches transdisziplin\u00e4res Residenzprogramm, initiiert. Zu den k\u00fcrzlich kuratierten Ausstellungen geh\u00f6ren The Space Between (CLB Berlin, 2023), To\/From (Kommunale Galerie, 2023-24) und Unruly Splendour: Erforschung der Natur durch das Spektrum der K\u00f6rper (Galerie im K\u00f6rnerpark, 2024).<\/p>\n\n\n\n<p class=\"has-black-color has-text-color has-link-color wp-elements-fc1076f8fb28e8d484320a5f1a34fc3f\">*Wir verwenden einen weiten Begriff von Behinderung und folgen dem sozialen Modell von Behinderung. Das hei\u00dft, anstatt eine Person durch ihren Gesundheitszustand oder eine Beeintr\u00e4chtigung zu definieren, betrachten wir Behinderung als Resultat gesellschaftlicher Konstruktion, da Menschen durch Barrieren behindert werden. Wir erkennen an und respektieren, dass Behinderung von jeder Einzelperson und durch deren gelebte Erfahrungen definiert wird. Wenn wir von Inklusion und Zug\u00e4nglichkeit sprechen, fordern wir das f\u00fcr alle Menschen, ganz gleich, als was sie sich identifizieren: Als sensorisch, k\u00f6rperlich oder kognitiv behindert oder beeintr\u00e4chtigt, mit Lernschwierigkeiten, mit geistigen Gesundheitsproblemen, anders begabt, divers, \u201aKr\u00fcppel\u2018, \u201airre\u2018\u2026<\/p>\n","protected":false},"excerpt":{"rendered":"<div class=\"entry-summary\">\nBerlinklusion ist ein Kollektiv von K\u00fcnstler*innen und Kunsvermittler*innen mit und ohne Behinderung, das Kunstprojekte kuratiert und Kunstorganisationen in Fragen der&hellip;\n<\/div>\n<div class=\"link-more\"><a href=\"https:\/\/www.berlinklusion.de\/de\/about-us\/\" class=\"more-link\">Continue reading<span class=\"screen-reader-text\"> &ldquo;\u00dcber Uns&rdquo;<\/span>&hellip;<\/a><\/div>\n","protected":false},"author":2,"featured_media":0,"parent":0,"menu_order":0,"comment_status":"closed","ping_status":"closed","template":"","meta":{"_acf_changed":false,"footnotes":""},"class_list":["post-1065","page","type-page","status-publish","hentry","entry"],"translation":{"provider":"WPGlobus","version":"3.0.2","language":"de","enabled_languages":["en","de"],"languages":{"en":{"title":true,"content":true,"excerpt":false},"de":{"title":true,"content":true,"excerpt":false}}},"acf":[],"jetpack_sharing_enabled":true,"_links":{"self":[{"href":"https:\/\/www.berlinklusion.de\/de\/wp-json\/wp\/v2\/pages\/1065","targetHints":{"allow":["GET"]}}],"collection":[{"href":"https:\/\/www.berlinklusion.de\/de\/wp-json\/wp\/v2\/pages"}],"about":[{"href":"https:\/\/www.berlinklusion.de\/de\/wp-json\/wp\/v2\/types\/page"}],"author":[{"embeddable":true,"href":"https:\/\/www.berlinklusion.de\/de\/wp-json\/wp\/v2\/users\/2"}],"replies":[{"embeddable":true,"href":"https:\/\/www.berlinklusion.de\/de\/wp-json\/wp\/v2\/comments?post=1065"}],"version-history":[{"count":30,"href":"https:\/\/www.berlinklusion.de\/de\/wp-json\/wp\/v2\/pages\/1065\/revisions"}],"predecessor-version":[{"id":2207,"href":"https:\/\/www.berlinklusion.de\/de\/wp-json\/wp\/v2\/pages\/1065\/revisions\/2207"}],"wp:attachment":[{"href":"https:\/\/www.berlinklusion.de\/de\/wp-json\/wp\/v2\/media?parent=1065"}],"curies":[{"name":"wp","href":"https:\/\/api.w.org\/{rel}","templated":true}]}}