{"id":1264,"date":"2020-05-13T10:38:28","date_gmt":"2020-05-13T10:38:28","guid":{"rendered":"http:\/\/www.berlinklusion.de\/?page_id=1264"},"modified":"2021-01-08T12:13:21","modified_gmt":"2021-01-08T12:13:21","slug":"contact","status":"publish","type":"page","link":"https:\/\/www.berlinklusion.de\/de\/contact\/","title":{"rendered":"Kontakt"},"content":{"rendered":"\n<p><strong>Nehmen Sie Kontakt auf!<\/strong><\/p>\n\n\n\n<p>Wenn Sie uns mit einem Kunstprojekt beauftragen m\u00f6chten oder einen Kostenvoranschlag f\u00fcr eine Beratung f\u00fcr Ihre Kultureinrichtung w\u00fcnschen, senden Sie bitte eine E-Mail an <a rel=\"noreferrer noopener\" href=\"mailto:info@berlinklusion.de\" target=\"_blank\">info@berlinklusion.de<\/a>. Wir sprechen eine Vielzahl von Sprachen, darunter Deutsch, Englisch, Serbokroatisch und Italienisch.<\/p>\n\n\n\n<p><strong>Lassen Sie uns mit Ihnen in Kontakt treten!<\/strong><\/p>\n\n\n\n<p>Wir sind bestrebt, die Disability Arts Community in Austausch zu bringen, indem wir Veranstaltungen wie unser Disability Arts Meet Up und Empowerment Workshops organisieren. Wenn Sie Einzelheiten \u00fcber unsere bevorstehenden Veranstaltungen und einige relevante Neuigkeiten aus dem breiteren Kunstbereich erhalten m\u00f6chten, k\u00f6nnen Sie sich hier f\u00fcr unseren Newsletter anmleden (der 3-4 Mal pro Jahr verschickt wird):<\/p>\n\n\n\n\t<div class=\"wp-block-jetpack-mailchimp\" data-blog-id=\"177286802\">\n\t\t<form\n\t\t\taria-describedby=\"wp-block-jetpack-mailchimp_consent-text\"\n\t\t\t\t\t>\n\t\t\t<p>\n\t\t\t\t<input\n\t\t\t\t\taria-label=\"E-Mail-Adresse eingeben\"\n\t\t\t\t\tplaceholder=\"E-Mail-Adresse eingeben\"\n\t\t\t\t\trequired\n\t\t\t\t\ttitle=\"E-Mail-Adresse eingeben\"\n\t\t\t\t\ttype=\"email\"\n\t\t\t\t\tname=\"email\"\n\t\t\t\t\/>\n\t\t\t<\/p>\n\t\t\t\t\t\t\t\t\t\n<div class=\"wp-block-jetpack-button wp-block-button\" style=\"\"><button class=\"wp-block-button__link has-text-color has-very-dark-gray-color has-background has-vivid-green-cyan-background-color\" style=\"\" data-id-attr=\"mailchimp-button-block-1\" id=\"mailchimp-button-block-1\" type=\"submit\" data-wp-class--is-submitting=\"state.isSubmitting\" data-wp-bind--aria-disabled=\"state.isAriaDisabled\">Anmelden!<span class=\"spinner\" aria-hidden=\"true\"><svg width=\"24\" height=\"24\" viewBox=\"0 0 24 24\" xmlns=\"http:\/\/www.w3.org\/2000\/svg\"><path d=\"M12,1A11,11,0,1,0,23,12,11,11,0,0,0,12,1Zm0,19a8,8,0,1,1,8-8A8,8,0,0,1,12,20Z\" opacity=\".25\"\/><path d=\"M10.14,1.16a11,11,0,0,0-9,8.92A1.59,1.59,0,0,0,2.46,12,1.52,1.52,0,0,0,4.11,10.7a8,8,0,0,1,6.66-6.61A1.42,1.42,0,0,0,12,2.69h0A1.57,1.57,0,0,0,10.14,1.16Z\"><animateTransform attributeName=\"transform\" type=\"rotate\" dur=\"0.75s\" values=\"0 12 12;360 12 12\" repeatCount=\"indefinite\"\/><\/path><\/svg><span class=\"is-visually-hidden\">Einreichungsformular<\/span><\/span><\/button><\/div>\n\t\t\t<p id=\"wp-block-jetpack-mailchimp_consent-text\">\n\t\t\t\tIndem Sie auf anmelden klicken, erkl\u00e4ren Sie sich damit einverstanden, Ihre E-Mail-Adresse an den Website-Eigent\u00fcmer und Mailchimp weiterzugeben, um Marketing, Aktualisierungen und andere E-Mails vom Website-Eigent\u00fcmer zu erhalten. Verwenden Sie den Abmeldelink in diesen E-Mails, um sich jederzeit abmelden zu k\u00f6nnen.\t\t\t<\/p>\n\n\t\t\t\n\t\t<\/form>\n\t\t\n\t\t\t<div class=\"wp-block-jetpack-mailchimp_notification wp-block-jetpack-mailchimp_processing\" role=\"status\">\n\t\t\t\tWird verarbeitet\u00a0\u2026\t\t\t<\/div>\n\t\t\t<div class=\"wp-block-jetpack-mailchimp_notification wp-block-jetpack-mailchimp_success\" role=\"status\">\n\t\t\t\tErfolgreich! Du bist auf der Liste.\t\t\t<\/div>\n\t\t\t<div class=\"wp-block-jetpack-mailchimp_notification wp-block-jetpack-mailchimp_error\" role=\"alert\">\n\t\t\t\tUps! Es ist ein Fehler aufgetreten und wir konnten dein Abonnement nicht bearbeiten. Bitte lade die Seite neu und versuche es erneut.\t\t\t<\/div>\n\n\t\t\t<\/div>\n\t\n\n\n<hr class=\"wp-block-separator\"\/>\n\n\n\n<p><strong>Zug\u00e4nglichkeit der Website<\/strong><\/p>\n\n\n\n<p>Unsere Website verwendet ein barrierefreies Theme von WordPress, ist aber aufgrund von Softwarefehlern oder menschlichem Versagen nicht immer v\u00f6llig barrierefrei! Bitte lassen Sie uns wissen, wenn Sie auf Probleme sto\u00dfen oder wenn Sie \u00c4nderungen zur Verbesserung Ihres Besuchs vorschlagen m\u00f6chten.<\/p>\n","protected":false},"excerpt":{"rendered":"<div class=\"entry-summary\">\nNehmen Sie Kontakt auf! Wenn Sie uns mit einem Kunstprojekt beauftragen m\u00f6chten oder einen Kostenvoranschlag f\u00fcr eine Beratung f\u00fcr Ihre&hellip;\n<\/div>\n<div class=\"link-more\"><a href=\"https:\/\/www.berlinklusion.de\/de\/contact\/\" class=\"more-link\">Continue reading<span class=\"screen-reader-text\"> &ldquo;Kontakt&rdquo;<\/span>&hellip;<\/a><\/div>\n","protected":false},"author":2,"featured_media":0,"parent":0,"menu_order":0,"comment_status":"closed","ping_status":"closed","template":"","meta":{"_acf_changed":false,"footnotes":""},"class_list":["post-1264","page","type-page","status-publish","hentry","entry"],"translation":{"provider":"WPGlobus","version":"3.0.2","language":"de","enabled_languages":["en","de"],"languages":{"en":{"title":true,"content":true,"excerpt":false},"de":{"title":true,"content":true,"excerpt":false}}},"acf":[],"jetpack_sharing_enabled":true,"_links":{"self":[{"href":"https:\/\/www.berlinklusion.de\/de\/wp-json\/wp\/v2\/pages\/1264","targetHints":{"allow":["GET"]}}],"collection":[{"href":"https:\/\/www.berlinklusion.de\/de\/wp-json\/wp\/v2\/pages"}],"about":[{"href":"https:\/\/www.berlinklusion.de\/de\/wp-json\/wp\/v2\/types\/page"}],"author":[{"embeddable":true,"href":"https:\/\/www.berlinklusion.de\/de\/wp-json\/wp\/v2\/users\/2"}],"replies":[{"embeddable":true,"href":"https:\/\/www.berlinklusion.de\/de\/wp-json\/wp\/v2\/comments?post=1264"}],"version-history":[{"count":8,"href":"https:\/\/www.berlinklusion.de\/de\/wp-json\/wp\/v2\/pages\/1264\/revisions"}],"predecessor-version":[{"id":1441,"href":"https:\/\/www.berlinklusion.de\/de\/wp-json\/wp\/v2\/pages\/1264\/revisions\/1441"}],"wp:attachment":[{"href":"https:\/\/www.berlinklusion.de\/de\/wp-json\/wp\/v2\/media?parent=1264"}],"curies":[{"name":"wp","href":"https:\/\/api.w.org\/{rel}","templated":true}]}}