{"id":35,"date":"2017-01-09T20:04:40","date_gmt":"2017-01-09T20:04:40","guid":{"rendered":"http:\/\/www.berlinklusion.de\/?page_id=35"},"modified":"2025-12-09T15:04:17","modified_gmt":"2025-12-09T15:04:17","slug":"team","status":"publish","type":"page","link":"https:\/\/www.berlinklusion.de\/de\/about-us\/team\/","title":{"rendered":"Team"},"content":{"rendered":"<p><span style=\"color: #333333;\">Berlinklusion wurde gegr\u00fcndet von einer Gruppe von K\u00fcnstler*innen, Kurator*innen, Kunstp\u00e4dagog*innen und Vermittler*innen mit und ohne Behinderungen. Wir haben umfangreiche Erfahrungen in der Arbeit mit unterschiedlichsten Einzelpersonen und Kunstpublikum in Deutschland und im Ausland.<\/span><\/p>\n<p><span style=\"color: #333333;\"><img data-recalc-dims=\"1\" loading=\"lazy\" decoding=\"async\" class=\"wp-image-1331  alignleft\" src=\"https:\/\/i0.wp.com\/www.berlinklusion.de\/wp-content\/uploads\/2020\/08\/20190427_202745-scaled-e1597402241674-744x749.jpg?resize=298%2C300&#038;ssl=1\" alt=\"Ein Portr\u00e4t von Kate Brehme, einer wei\u00dfen Frau mit kurzen, dunkelbraunen Haaren, Brille und einem bunten Schal, steht vor einem schwarzwei\u00dfen, geometrischen Wandgem\u00e4lde von Sol Le Witt.\" width=\"298\" height=\"300\" srcset=\"https:\/\/i0.wp.com\/www.berlinklusion.de\/wp-content\/uploads\/2020\/08\/20190427_202745-scaled-e1597402241674.jpg?resize=744%2C749&amp;ssl=1 744w, https:\/\/i0.wp.com\/www.berlinklusion.de\/wp-content\/uploads\/2020\/08\/20190427_202745-scaled-e1597402241674.jpg?resize=1200%2C1208&amp;ssl=1 1200w, https:\/\/i0.wp.com\/www.berlinklusion.de\/wp-content\/uploads\/2020\/08\/20190427_202745-scaled-e1597402241674.jpg?resize=768%2C773&amp;ssl=1 768w, https:\/\/i0.wp.com\/www.berlinklusion.de\/wp-content\/uploads\/2020\/08\/20190427_202745-scaled-e1597402241674.jpg?resize=1526%2C1536&amp;ssl=1 1526w, https:\/\/i0.wp.com\/www.berlinklusion.de\/wp-content\/uploads\/2020\/08\/20190427_202745-scaled-e1597402241674.jpg?resize=50%2C50&amp;ssl=1 50w, https:\/\/i0.wp.com\/www.berlinklusion.de\/wp-content\/uploads\/2020\/08\/20190427_202745-scaled-e1597402241674.jpg?w=1907&amp;ssl=1 1907w\" sizes=\"auto, (max-width: 298px) 100vw, 298px\" \/><\/span><\/p>\n<p><span style=\"color: #000000;\"><strong>Kate Brehme<\/strong> ist eine unabh\u00e4ngige Kuratorin und Kunstvermittlerin mit Behinderung, die sich f\u00fcr ein \u201eCripping\u201c und \u201eQueering\u201c von Kunstgeschichte,, Access-\u00c4sthetik und das G\u00e4rtnern interessiert. Ihre Praxis umfasst Kollaboration, Crip-Freude und den Raum, in dem Zugang auf Kuratieren trifft. Sie macht Ausstellungen, organisiert K\u00fcnstlerresidenzen, moderiert und spricht auf Symposien, unterrichtet Studenten, ber\u00e4t bildenden K\u00fcnste Organisationen und setzt sich auf Landes- und EU-Ebene f\u00fcr die Belange behinderter Menschen ein.<\/span><\/p>\n<p><span style=\"color: #000000;\">Kate wurde zun\u00e4chst als K\u00fcnstlerin ausgebildet, hat einen Master in Museumsstudien und promovierte an der Technischen Universit\u00e4t Berlin \u00fcber die Biennale f\u00fcr zeitgen\u00f6ssische Kunst und den urbanen Raum. Kate hat in Australien, Schottland und Deutschland an einer Vielzahl von unabh\u00e4ngigen Projekten, Ausstellungen und Veranstaltungen sowie als Kunstvermittlerin f\u00fcr Organisationen wie die National Galleries of Scotland gearbeitet.\u00a0 Zu Kates k\u00fcrzlich kuratierten Ausstellungen geh\u00f6ren Queering the Crip, Cripping the Queer, eine Ausstellung \u00fcber Queer\/Disability History, Activism, and Culture (Schwules Museum, 2022-23), The Space Between (CLB Berlin, 2023) und Unruly Splendour: Erforschung der Natur durch das Spektrum der K\u00f6rper (Galerie im K\u00f6rnerpark, 2024). Kate hat f\u00fcr das NODE Center for Curatorial Studies (2013-2023), das Goethe-Institut (2021-22) und f\u00fcr den Master Education in Arts am Piet Zwart Institute in Rotterdam (2014-2024) unterrichtet. Derzeit ist sie Dozentin f\u00fcr Disability Art Studies an der Universit\u00e4t der K\u00fcnste (UdK), Berlin. Kate ist Mitglied im <a style=\"color: #000000;\" href=\"http:\/\/rat-fuer-die-kuenste.de\/\">Rat f\u00fcr die K\u00fcnste Berlin<\/a> und im <a style=\"color: #000000;\" href=\"_wp_link_placeholder\" data-wplink-edit=\"true\">European Arts and Disability Cluster<\/a> (ADICLUS).<\/span><\/p>\n<p><span style=\"color: #333333;\"><img data-recalc-dims=\"1\" loading=\"lazy\" decoding=\"async\" class=\"size-medium wp-image-100 alignright\" src=\"https:\/\/i0.wp.com\/www.berlinklusion.de\/wp-content\/uploads\/2017\/01\/KirstinBroussard.jpg?resize=262%2C300&#038;ssl=1\" alt=\"Eine Frau mit langen braunen Haaren und braunen Augen schaut seitlich in die Kamera und l\u00e4chelt.\" width=\"262\" height=\"300\" srcset=\"https:\/\/i0.wp.com\/www.berlinklusion.de\/wp-content\/uploads\/2017\/01\/KirstinBroussard.jpg?resize=262%2C300&amp;ssl=1 262w, https:\/\/i0.wp.com\/www.berlinklusion.de\/wp-content\/uploads\/2017\/01\/KirstinBroussard.jpg?w=560&amp;ssl=1 560w\" sizes=\"auto, (max-width: 262px) 100vw, 262px\" \/><span style=\"color: #000000;\"><strong>Kirstin Broussard<\/strong> ist bildende K\u00fcnstlerin und Kunstvermittlerin, die abwechselnd in New York und Berlin lebt und arbeitet. Sie hat einen Masterabschluss in Interdisciplinary Arts in Arts Education. Seit 2004 hat sie als Beraterin, Dozentin und Kunstp\u00e4dagogin an zahlreichen Museen gearbeitet, u.a. im Museum of Modern Art, im Jewish Museum und im Museum of Arts and Design. Als Mitarbeiterin f\u00fcr das Community and Access Programm im MoMA hat sie bei der Entwicklung und Umsetzung international anerkannter und preisgekr\u00f6nter Programme mitgewirkt, darunter Meet Me at MoMA, Create Ability und Prime Time.<\/span><\/span><\/p>\n<p><span style=\"color: #000000;\">In der Arbeit mit Menschen mit besonderen Bed\u00fcrfnissen wie Kindern mit Autismus, Erwachsenen mit Alzheimer sowie Blinden und Sehbehinderten erforscht sie unterschiedliche Sichtweisen. Dies hat sowohl ihren Ansatz in der P\u00e4dagogik als auch ihre Arbeit als bildende K\u00fcnstlerin stark beeinflusst.<\/span><\/p>\n<p><span style=\"color: #000000;\"><img data-recalc-dims=\"1\" loading=\"lazy\" decoding=\"async\" class=\"size-medium wp-image-150 alignleft\" src=\"https:\/\/i0.wp.com\/www.berlinklusion.de\/wp-content\/uploads\/2017\/01\/jk-berlinklusion-e1487786031386-256x300.jpg?resize=256%2C300&#038;ssl=1\" alt=\"Eine Frau mit blauen Augen und hellbraunem Haar, die zur\u00fcckgebunden ist, starrt direkt in die Kamera und l\u00e4chelt leicht.\" width=\"256\" height=\"300\" srcset=\"https:\/\/i0.wp.com\/www.berlinklusion.de\/wp-content\/uploads\/2017\/01\/jk-berlinklusion-e1487786031386-scaled.jpg?resize=256%2C300&amp;ssl=1 256w, https:\/\/i0.wp.com\/www.berlinklusion.de\/wp-content\/uploads\/2017\/01\/jk-berlinklusion-e1487786031386-scaled.jpg?resize=744%2C872&amp;ssl=1 744w, https:\/\/i0.wp.com\/www.berlinklusion.de\/wp-content\/uploads\/2017\/01\/jk-berlinklusion-e1487786031386-scaled.jpg?resize=1200%2C1406&amp;ssl=1 1200w, https:\/\/i0.wp.com\/www.berlinklusion.de\/wp-content\/uploads\/2017\/01\/jk-berlinklusion-e1487786031386-scaled.jpg?resize=768%2C900&amp;ssl=1 768w, https:\/\/i0.wp.com\/www.berlinklusion.de\/wp-content\/uploads\/2017\/01\/jk-berlinklusion-e1487786031386-scaled.jpg?resize=1311%2C1536&amp;ssl=1 1311w, https:\/\/i0.wp.com\/www.berlinklusion.de\/wp-content\/uploads\/2017\/01\/jk-berlinklusion-e1487786031386-scaled.jpg?resize=1747%2C2048&amp;ssl=1 1747w, https:\/\/i0.wp.com\/www.berlinklusion.de\/wp-content\/uploads\/2017\/01\/jk-berlinklusion-e1487786031386-scaled.jpg?resize=874%2C1024&amp;ssl=1 874w\" sizes=\"auto, (max-width: 256px) 100vw, 256px\" \/><strong>Jovana Komnenic<\/strong> ist K\u00fcnstlerin und Kunstvermittlerin und lebt in Berlin. Sie hat einen Masterabschluss in Malerei (University of the Arts Belgrade) und Kunst im Kontext (Universit\u00e4t der K\u00fcnste Berlin) und ist dort als Doktorandin im Bereich \u00c4sthetische Theorie eingeschrieben. Seit 2009 experimentiert Jovana mit Formaten und Ans\u00e4tzen zu Perspektivenvielfalt und Zug\u00e4nglichkeit in den K\u00fcnsten und entwickelt partizipative Programme in diesem Bereich. Zu den zahlreichen Institutionen und Gruppen, mit denen sie zusammengearbeitet hat, geh\u00f6ren: NGBK, Berlin Biennale, Akademie der K\u00fcnste, Berlinische Galerie und Machmit Museum f\u00fcr Kinder. Im Jahr 2015 hat sie an der Konzeption und Organisation der Tagung &#8222;Inklusion ist sch\u00f6n&#8220; der Staatlichen Museen Berlin mitgearbeitet, bei der k\u00fcnstlerische Ans\u00e4tze zu inklusiver Kunstvermittlung im Fokus standen und in Vortr\u00e4gen und praktischen Workshops thematisiert wurden. Von 2014 bis 2016 arbeitete sie als Mitglied im Projektteam und Moderatorin f\u00fcr Neue Perspektiven Gewinnen (http:\/\/www.neue-perspektiven-gewinnen.de\/), eine Serie von Workshops zum Thema Inklusion in Berliner Museen.<\/span><\/p>\n<p><span style=\"color: #000000;\"><img data-recalc-dims=\"1\" loading=\"lazy\" decoding=\"async\" class=\"size-medium wp-image-101 alignright\" src=\"https:\/\/i0.wp.com\/www.berlinklusion.de\/wp-content\/uploads\/2017\/01\/Dirk-Sorge_crop.jpg?resize=245%2C300&#038;ssl=1\" alt=\"Ein Mann mit braunen Haaren, blauen Augen, Bart und Schnurrbart und tr\u00e4gt einen blauen Anzug in die Kamera mit einem freundlichen Ausdruck.\" width=\"245\" height=\"300\" srcset=\"https:\/\/i0.wp.com\/www.berlinklusion.de\/wp-content\/uploads\/2017\/01\/Dirk-Sorge_crop.jpg?resize=245%2C300&amp;ssl=1 245w, https:\/\/i0.wp.com\/www.berlinklusion.de\/wp-content\/uploads\/2017\/01\/Dirk-Sorge_crop.jpg?resize=744%2C910&amp;ssl=1 744w, https:\/\/i0.wp.com\/www.berlinklusion.de\/wp-content\/uploads\/2017\/01\/Dirk-Sorge_crop.jpg?resize=1200%2C1468&amp;ssl=1 1200w, https:\/\/i0.wp.com\/www.berlinklusion.de\/wp-content\/uploads\/2017\/01\/Dirk-Sorge_crop.jpg?resize=768%2C939&amp;ssl=1 768w, https:\/\/i0.wp.com\/www.berlinklusion.de\/wp-content\/uploads\/2017\/01\/Dirk-Sorge_crop.jpg?resize=1256%2C1536&amp;ssl=1 1256w, https:\/\/i0.wp.com\/www.berlinklusion.de\/wp-content\/uploads\/2017\/01\/Dirk-Sorge_crop.jpg?resize=837%2C1024&amp;ssl=1 837w, https:\/\/i0.wp.com\/www.berlinklusion.de\/wp-content\/uploads\/2017\/01\/Dirk-Sorge_crop.jpg?w=1470&amp;ssl=1 1470w\" sizes=\"auto, (max-width: 245px) 100vw, 245px\" \/><strong>Dirk Sorge<\/strong> arbeitet als K\u00fcnstler und Kulturvermittler in Berlin, Leipzig und Chemnitz. Er studierte Bildende Kunst an der Universit\u00e4t der K\u00fcnste Berlin (Meistersch\u00fcler) und Kultur und Technik (B.A.) sowie Philosophie (M.A.) an der Technischen Universit\u00e4t Berlin. Er hat Workshops und F\u00fchrungen mit dem Schwerpunkt inklusive Praxis f\u00fcr die Staatlichen Museen Berlin, die Berlinische Galerie, die Berlin Biennale und andere Institutionen durchgef\u00fchrt. Von 2014 bis 2016 arbeitete er als Mitglied im Projektteam und Moderator f\u00fcr Neue Perspektiven Gewinnen (http:\/\/www.neue-perspektiven-gewinnen.de\/), eine Serie von Workshops zum Thema Inklusion in Berliner Museen.<\/span><\/p>\n<p><span style=\"color: #000000;\">Dirk Sorge ist Mitglied im Allgemeinen Blinden- und Sehbehindertenverein (ABSV) und ber\u00e4t Museen, die planen, die Barrieren in ihren Ausstellungen abzubauen. Zurzeit ist er Mitarbeiter im Staatlichen Museum f\u00fcr Arch\u00e4ologie Chemnitz im Bereich Inklusion.<\/span><\/p>\n\n\n<hr class=\"wp-block-separator has-css-opacity\"\/>\n\n\n\n<p><\/p>\n","protected":false},"excerpt":{"rendered":"<div class=\"entry-summary\">\nBerlinklusion wurde gegr\u00fcndet von einer Gruppe von K\u00fcnstler*innen, Kurator*innen, Kunstp\u00e4dagog*innen und Vermittler*innen mit und ohne Behinderungen. Wir haben umfangreiche Erfahrungen&hellip;\n<\/div>\n<div class=\"link-more\"><a href=\"https:\/\/www.berlinklusion.de\/de\/about-us\/team\/\" class=\"more-link\">Continue reading<span class=\"screen-reader-text\"> &ldquo;Team&rdquo;<\/span>&hellip;<\/a><\/div>\n","protected":false},"author":2,"featured_media":0,"parent":1065,"menu_order":0,"comment_status":"closed","ping_status":"closed","template":"","meta":{"_acf_changed":false,"footnotes":""},"class_list":["post-35","page","type-page","status-publish","hentry","entry"],"translation":{"provider":"WPGlobus","version":"3.0.2","language":"de","enabled_languages":["en","de"],"languages":{"en":{"title":true,"content":true,"excerpt":false},"de":{"title":true,"content":true,"excerpt":false}}},"acf":[],"jetpack_sharing_enabled":true,"_links":{"self":[{"href":"https:\/\/www.berlinklusion.de\/de\/wp-json\/wp\/v2\/pages\/35","targetHints":{"allow":["GET"]}}],"collection":[{"href":"https:\/\/www.berlinklusion.de\/de\/wp-json\/wp\/v2\/pages"}],"about":[{"href":"https:\/\/www.berlinklusion.de\/de\/wp-json\/wp\/v2\/types\/page"}],"author":[{"embeddable":true,"href":"https:\/\/www.berlinklusion.de\/de\/wp-json\/wp\/v2\/users\/2"}],"replies":[{"embeddable":true,"href":"https:\/\/www.berlinklusion.de\/de\/wp-json\/wp\/v2\/comments?post=35"}],"version-history":[{"count":72,"href":"https:\/\/www.berlinklusion.de\/de\/wp-json\/wp\/v2\/pages\/35\/revisions"}],"predecessor-version":[{"id":2213,"href":"https:\/\/www.berlinklusion.de\/de\/wp-json\/wp\/v2\/pages\/35\/revisions\/2213"}],"up":[{"embeddable":true,"href":"https:\/\/www.berlinklusion.de\/de\/wp-json\/wp\/v2\/pages\/1065"}],"wp:attachment":[{"href":"https:\/\/www.berlinklusion.de\/de\/wp-json\/wp\/v2\/media?parent=35"}],"curies":[{"name":"wp","href":"https:\/\/api.w.org\/{rel}","templated":true}]}}