{"id":36,"date":"2017-01-09T20:04:40","date_gmt":"2017-01-09T20:04:40","guid":{"rendered":"http:\/\/www.berlinklusion.de\/?page_id=36"},"modified":"2025-12-09T15:07:01","modified_gmt":"2025-12-09T15:07:01","slug":"services","status":"publish","type":"page","link":"https:\/\/www.berlinklusion.de\/de\/about-us\/services\/","title":{"rendered":"Angebote"},"content":{"rendered":"<p>Unser Ziel ist es, einen inklusiveren und zug\u00e4nglicheren Kunstsektor f\u00fcr K\u00fcnstler*innen und Kunstpublikum mit Behinderungen zu schaffen. Wir tun dies durch den Austausch von Wissen und Erfahrung, durch Zusammenarbeit und durch die Sensibilisierung f\u00fcr Inklusion und Zug\u00e4nglichkeit in den K\u00fcnsten. Kurz gesagt bedeutet das: Wir schaffen inklusive und zug\u00e4ngliche k\u00fcnstlerische Projekte und beraten Kulturinstitutionen und Communities.<\/p>\n<p>Jedes Projekt wird so gestaltet, dass es den spezifischen Bed\u00fcrfnissen unserer Kunden oder Kooperationspartner entspricht, je nach ihren Ressourcen oder ihren Zielen. Wir arbeiten mit einer Auswahl von Personen aus unserem Pool von Freiberufler*innen sowie mit bestehenden Organisationen und Vereinen zusammen, die \u00fcber eine Reihe von F\u00e4higkeiten, Kenntnissen und Erfahrungen in den Bereichen Behinderung, Zug\u00e4nglichkeit, Inklusion und Kunst verf\u00fcgen. Inklusion steht im Mittelpunkt unseres Handelns und unserer Arbeitsweise: Das bedeutet, dass wir bei jedem Projekt danach streben, Menschen mit und ohne Behinderungen auf faire und gleichberechtigte Weise zusammenzubringen, und dass wir den Beitrag sch\u00e4tzen, den Behinderung in allen Bereichen der Kunst leistet. In der Praxis bedeutet dies, den K\u00fcnstler*innen und Kulturschaffenden, mit denen wir zusammenarbeiten, zug\u00e4ngliche Arbeitsbedingungen, gleiche Bezahlung und Zugangskosten zu bieten.<\/p>\n<p><span style=\"color: #333333;\">Wir bieten an:<\/span><\/p>\n<ul>\n<li>Evaluierungen und Beratungen (Disability Action Plans) f\u00fcr Institutionen, Projektr\u00e4ume, Communitygruppen und Einzelpersonen\n<ul>\n<li>Programmentwicklung (Kuration und Vermittlung)<\/li>\n<li>Organisatorische (Prozesse, Marketing, Besch\u00e4ftigung und bauliche Barrierefreiheit)<\/li>\n<\/ul>\n<\/li>\n<li>Schulungs- und Weiterbildungsworkshops f\u00fcr Mitarbeiter*innen<\/li>\n<li>Kreative und praktische Workshops f\u00fcr das Publikum<\/li>\n<li>Veranstaltungen<\/li>\n<li>Ausstellungen<\/li>\n<li>K\u00fcnstlerische und kuratorische Projekte \/ Beauftragungen<\/li>\n<\/ul>\n<p><span style=\"color: #333333;\">Schauen Sie sich unser <a style=\"color: #333333;\" href=\"https:\/\/www.berlinklusion.de\/de\/category\/portfolio\/\">Portfolio<\/a> f\u00fcr Beispiele an und <a style=\"color: #333333;\" href=\"https:\/\/www.berlinklusion.de\/contact\/\">senden Sie uns eine E-Mail<\/a>, wenn Sie mehr wissen m\u00f6chten.<\/span><\/p>\n\n\n<p><\/p>\n","protected":false},"excerpt":{"rendered":"<div class=\"entry-summary\">\nUnser Ziel ist es, einen inklusiveren und zug\u00e4nglicheren Kunstsektor f\u00fcr K\u00fcnstler*innen und Kunstpublikum mit Behinderungen zu schaffen. Wir tun dies&hellip;\n<\/div>\n<div class=\"link-more\"><a href=\"https:\/\/www.berlinklusion.de\/de\/about-us\/services\/\" class=\"more-link\">Continue reading<span class=\"screen-reader-text\"> &ldquo;Angebote&rdquo;<\/span>&hellip;<\/a><\/div>\n","protected":false},"author":2,"featured_media":0,"parent":1065,"menu_order":0,"comment_status":"closed","ping_status":"closed","template":"","meta":{"_acf_changed":false,"footnotes":""},"class_list":["post-36","page","type-page","status-publish","hentry","entry"],"translation":{"provider":"WPGlobus","version":"3.0.2","language":"de","enabled_languages":["en","de"],"languages":{"en":{"title":true,"content":true,"excerpt":false},"de":{"title":true,"content":true,"excerpt":false}}},"acf":[],"jetpack_sharing_enabled":true,"_links":{"self":[{"href":"https:\/\/www.berlinklusion.de\/de\/wp-json\/wp\/v2\/pages\/36","targetHints":{"allow":["GET"]}}],"collection":[{"href":"https:\/\/www.berlinklusion.de\/de\/wp-json\/wp\/v2\/pages"}],"about":[{"href":"https:\/\/www.berlinklusion.de\/de\/wp-json\/wp\/v2\/types\/page"}],"author":[{"embeddable":true,"href":"https:\/\/www.berlinklusion.de\/de\/wp-json\/wp\/v2\/users\/2"}],"replies":[{"embeddable":true,"href":"https:\/\/www.berlinklusion.de\/de\/wp-json\/wp\/v2\/comments?post=36"}],"version-history":[{"count":27,"href":"https:\/\/www.berlinklusion.de\/de\/wp-json\/wp\/v2\/pages\/36\/revisions"}],"predecessor-version":[{"id":1439,"href":"https:\/\/www.berlinklusion.de\/de\/wp-json\/wp\/v2\/pages\/36\/revisions\/1439"}],"up":[{"embeddable":true,"href":"https:\/\/www.berlinklusion.de\/de\/wp-json\/wp\/v2\/pages\/1065"}],"wp:attachment":[{"href":"https:\/\/www.berlinklusion.de\/de\/wp-json\/wp\/v2\/media?parent=36"}],"curies":[{"name":"wp","href":"https:\/\/api.w.org\/{rel}","templated":true}]}}