{"id":37,"date":"2017-01-09T20:04:41","date_gmt":"2017-01-09T20:04:41","guid":{"rendered":"http:\/\/www.berlinklusion.de\/?page_id=37"},"modified":"2020-05-18T16:08:40","modified_gmt":"2020-05-18T16:08:40","slug":"links","status":"publish","type":"page","link":"https:\/\/www.berlinklusion.de\/de\/links\/","title":{"rendered":"Links"},"content":{"rendered":"\n<p>\u00dcber die Jahre haben Kate, Kirstin, Jovana und Dirk&nbsp; mit vielen fantastischen Organisationen zusammengearbeitet und arbeiten mit einigen weiter daran, inklusive Kunstprojekte zu verwirklichen. Hier ist eine Liste!<\/p>\n\n\n\n<h4 class=\"wp-block-heading\"><strong>Berlin<\/strong><\/h4>\n\n\n\n<ul class=\"wp-block-list\"><li><a rel=\"noreferrer noopener\" href=\"http:\/\/www.diversity-arts-culture.berlin\/en\" target=\"_blank\">Diversity Arts Culture &#8211; Berliner Projektb\u00fcro f\u00fcr Diversit\u00e4tsentwicklung<\/a><\/li><li><a rel=\"noreferrer noopener\" href=\"http:\/\/www.smb.museum\/home.html\" target=\"_blank\">Staatliche Museen zu Berlin, Preu\u00dfischer Kulturbesitz<\/a><\/li><li><a rel=\"noreferrer noopener\" href=\"http:\/\/www.machmitmuseum.de\/\" target=\"_blank\">Machmit Museum f\u00fcr Kinder<\/a><\/li><li><a rel=\"noreferrer noopener\" href=\"http:\/\/www.berlinischegalerie.de\/en\/\" target=\"_blank\">Berlinische Galerie<\/a><\/li><li><a rel=\"noreferrer noopener\" href=\"https:\/\/www.dhm.de\/\" target=\"_blank\">Deutsches Historisches Museum<\/a><\/li><li><a rel=\"noreferrer noopener\" href=\"http:\/\/www.en.stadtmuseum.de\/\" target=\"_blank\">Stiftung Stadtmuseum Berlin<\/a><\/li><li><a rel=\"noreferrer noopener\" href=\"http:\/\/www.adk.de\/\" target=\"_blank\">Akademie der K\u00fcnste<\/a><\/li><li><a rel=\"noreferrer noopener\" href=\"http:\/\/blog.berlinbiennale.de\/en\/\" target=\"_blank\">Berlin Biennale<\/a><\/li><li>Schillerpalais<\/li><li>Kunst- und Kulturfestivals Nachtundnebel<\/li><li><a href=\"http:\/\/www.alep-ev.de\/\" target=\"_blank\" rel=\"noreferrer noopener\">ALEP e.V. Institut f\u00fcr au\u00dferschulisches Lernen und Erlebnisp\u00e4dagogik<\/a><\/li><li><a href=\"http:\/\/www.gobildung.de\/\" target=\"_blank\" rel=\"noreferrer noopener\">GO Bildungsinnovationen<\/a><\/li><li><a href=\"http:\/\/www.tanzapartment.de\/\" target=\"_blank\" rel=\"noreferrer noopener\">Tanzapartment<\/a><\/li><li><a href=\"http:\/\/indiwi.de\/\">In<\/a><a href=\"http:\/\/indiwi.de\/\" target=\"_blank\" rel=\"noreferrer noopener\">d<\/a><a href=\"http:\/\/indiwi.de\/\">iwi<\/a><\/li><li><a href=\"http:\/\/www.bwb-gmbh.de\/\" target=\"_blank\" rel=\"noreferrer noopener\">Berliner Werkst\u00e4tten f\u00fcr Behinderte<\/a><\/li><li><a href=\"http:\/\/www.bwb-gmbh.de\/bildung\/projekte\/imperfekt\/\" target=\"_blank\" rel=\"noreferrer noopener\">Atelier Imperfekt<\/a><\/li><li><a href=\"http:\/\/www.absv.de\/\" target=\"_blank\" rel=\"noreferrer noopener\">Allgemeiner Blinden- und Sehbehindertenverein Berlin e. V. (ABSV)<\/a><\/li><li><a href=\"http:\/\/www.dbsv.org\/\" target=\"_blank\" rel=\"noreferrer noopener\">Deutscher Blinden- und Sehbehindertenverband e.V. (DBSV)<\/a>\u00a0<\/li><li><a href=\"https:\/\/www.lebenshilfe.de\/\" target=\"_blank\" rel=\"noreferrer noopener\">Lebenshilfe<\/a><\/li><\/ul>\n\n\n\n<h4 class=\"wp-block-heading\"><strong>Germany<\/strong><\/h4>\n\n\n\n<ul class=\"wp-block-list\"><li><a href=\"http:\/\/www.da-kunsthaus.de\/\" target=\"_blank\" rel=\"noreferrer noopener\">DA, Kunsthaus Kloster Gravenhorst<\/a><\/li><\/ul>\n\n\n\n<h4 class=\"wp-block-heading\"><strong>Slovenia<\/strong><\/h4>\n\n\n\n<ul class=\"wp-block-list\"><li><a rel=\"noreferrer noopener\" href=\"http:\/\/www.co-operateskuc.com\/presentation\/\" target=\"_blank\">Creative Bureau Cooperate<\/a><\/li><li><a href=\"https:\/\/www.mglc-lj.si\/eng\" target=\"_blank\" rel=\"noreferrer noopener\">International Centre of Graphic Arts<\/a><\/li><li><a href=\"http:\/\/www.galerijaskuc.si\/\" target=\"_blank\" rel=\"noreferrer noopener\">\u0160kuc Galerie<\/a><\/li><li><a href=\"http:\/\/www.ziva-dvorisca.si\/\" target=\"_blank\" rel=\"noreferrer noopener\">\u017diva Dvori\u0161\u010da<\/a><\/li><li><a href=\"http:\/\/www.drustvo-mdssmb.si\/\" target=\"_blank\" rel=\"noreferrer noopener\">Medob\u010dinsko dru\u0161tvo slepih in Slabovidnih<\/a><\/li><\/ul>\n\n\n\n<h4 class=\"wp-block-heading\"><strong>Italy<\/strong><\/h4>\n\n\n\n<ul class=\"wp-block-list\"><li><a href=\"http:\/\/www.girobussola.org\/?q=en\" target=\"_blank\" rel=\"noreferrer noopener\">La Girobussola<\/a><\/li><li><a href=\"http:\/\/www.esploriamo.org\/\" target=\"_blank\" rel=\"noreferrer noopener\">Esplora<\/a><\/li><\/ul>\n\n\n\n<h4 class=\"wp-block-heading\"><strong>USA<\/strong><\/h4>\n\n\n\n<ul class=\"wp-block-list\"><li><a href=\"https:\/\/www.moma.org\/\" target=\"_blank\" rel=\"noreferrer noopener\">Museum of Modern Art<\/a><\/li><li><a href=\"http:\/\/www.madmuseum.org\/\" target=\"_blank\" rel=\"noreferrer noopener\">Museum of Arts and Design<\/a><\/li><li><a href=\"http:\/\/www.thejewishmuseum.org\/\" target=\"_blank\" rel=\"noreferrer noopener\">The Jewish Museum<\/a><\/li><li><a href=\"http:\/\/www.abronsartscenter.org\/\" target=\"_blank\" rel=\"noreferrer noopener\">Henry Street Settlement\/Abrons Arts Center<\/a><\/li><li><a href=\"https:\/\/www.nypl.org\/locations\/heiskell\" target=\"_blank\" rel=\"noreferrer noopener\">Henry Heiskell Braille and talking Book Library<\/a><\/li><li><a href=\"http:\/\/schools.nyc.gov\/Academics\/SpecialEducation\/default.htm\" target=\"_blank\" rel=\"noreferrer noopener\">New York City Public School System (District 75)<\/a><\/li><li><a href=\"http:\/\/www.med.nyu.edu\/rusk\/rusk-rehab-nyu-langone-medical-center\" target=\"_blank\" rel=\"noreferrer noopener\">NYU Langone Medical Center\/RUSK Rehabilitation<\/a><\/li><li><a href=\"http:\/\/www.brooklynparkinsongroup.org\/\" target=\"_blank\" rel=\"noreferrer noopener\">Brooklyn Parkinson\u2019s Group<\/a><\/li><li><a href=\"http:\/\/www.alzheimersanddementia.com\/article\/S1552-5260(14)01594-5\/abstract\" target=\"_blank\" rel=\"noreferrer noopener\">A Friend For Rachel<\/a><\/li><\/ul>\n\n\n\n<h4 class=\"wp-block-heading\"><strong>UK<\/strong><\/h4>\n\n\n\n<ul class=\"wp-block-list\"><li><a href=\"https:\/\/www.nationalgalleries.org\/\" target=\"_blank\" rel=\"noreferrer noopener\">The National Galleries of Scotland<\/a><\/li><li><a href=\"http:\/\/www.fruitmarket.co.uk\/\" target=\"_blank\" rel=\"noreferrer noopener\">The Fruitmarket Gallery<\/a><\/li><li><a href=\"http:\/\/www.artlinkedinburgh.co.uk\/\" target=\"_blank\" rel=\"noreferrer noopener\">Artlink Edinburgh<\/a><\/li><li><a href=\"http:\/\/www.edinburghsculpture.org\/\" target=\"_blank\" rel=\"noreferrer noopener\">Edinburgh Sculpture Workshop<\/a><\/li><\/ul>\n\n\n\n<h4 class=\"wp-block-heading\"><strong>Australia<\/strong><\/h4>\n\n\n\n<ul class=\"wp-block-list\"><li><a href=\"http:\/\/www.artsaccessaustralia.org\/\" target=\"_blank\" rel=\"noreferrer noopener\">Arts Access Australia<\/a><\/li><li><a href=\"https:\/\/www.daxcentre.org\/\" target=\"_blank\" rel=\"noreferrer noopener\">The Dax Center<\/a><\/li><\/ul>\n","protected":false},"excerpt":{"rendered":"<div class=\"entry-summary\">\n\u00dcber die Jahre haben Kate, Kirstin, Jovana und Dirk&nbsp; mit vielen fantastischen Organisationen zusammengearbeitet und arbeiten mit einigen weiter daran,&hellip;\n<\/div>\n<div class=\"link-more\"><a href=\"https:\/\/www.berlinklusion.de\/de\/links\/\" class=\"more-link\">Continue reading<span class=\"screen-reader-text\"> &ldquo;Links&rdquo;<\/span>&hellip;<\/a><\/div>\n","protected":false},"author":2,"featured_media":0,"parent":0,"menu_order":0,"comment_status":"closed","ping_status":"closed","template":"","meta":{"_acf_changed":false,"footnotes":""},"class_list":["post-37","page","type-page","status-publish","hentry","entry"],"translation":{"provider":"WPGlobus","version":"3.0.2","language":"de","enabled_languages":["en","de"],"languages":{"en":{"title":true,"content":true,"excerpt":false},"de":{"title":true,"content":true,"excerpt":false}}},"acf":[],"jetpack_sharing_enabled":true,"_links":{"self":[{"href":"https:\/\/www.berlinklusion.de\/de\/wp-json\/wp\/v2\/pages\/37","targetHints":{"allow":["GET"]}}],"collection":[{"href":"https:\/\/www.berlinklusion.de\/de\/wp-json\/wp\/v2\/pages"}],"about":[{"href":"https:\/\/www.berlinklusion.de\/de\/wp-json\/wp\/v2\/types\/page"}],"author":[{"embeddable":true,"href":"https:\/\/www.berlinklusion.de\/de\/wp-json\/wp\/v2\/users\/2"}],"replies":[{"embeddable":true,"href":"https:\/\/www.berlinklusion.de\/de\/wp-json\/wp\/v2\/comments?post=37"}],"version-history":[{"count":35,"href":"https:\/\/www.berlinklusion.de\/de\/wp-json\/wp\/v2\/pages\/37\/revisions"}],"predecessor-version":[{"id":1301,"href":"https:\/\/www.berlinklusion.de\/de\/wp-json\/wp\/v2\/pages\/37\/revisions\/1301"}],"wp:attachment":[{"href":"https:\/\/www.berlinklusion.de\/de\/wp-json\/wp\/v2\/media?parent=37"}],"curies":[{"name":"wp","href":"https:\/\/api.w.org\/{rel}","templated":true}]}}